{"id":74,"date":"2017-06-21T18:49:25","date_gmt":"2017-06-21T18:49:25","guid":{"rendered":"https:\/\/www.nativeamericanacademy.com\/?page_id=74"},"modified":"2026-01-10T08:48:34","modified_gmt":"2026-01-10T07:48:34","slug":"who-we-are","status":"publish","type":"page","link":"https:\/\/www.nativeamericanacademy.com\/?page_id=74","title":{"rendered":"non profit statement"},"content":{"rendered":"<h4 style=\"text-align: left;\"><strong>rebuild the old way<\/strong><br \/>\n<strong> * one nation * one mother earth * mni wiconi * water is life *<br \/>\nThis song is honoring Marthin Luther King . . .<br \/>\n<\/strong><\/h4>\n<p><iframe loading=\"lazy\" title=\"Footsteps of One Black African by Native American Musician Mitch Walking Elk\" width=\"640\" height=\"360\" src=\"https:\/\/www.youtube.com\/embed\/FFRcwYLt85Y?feature=oembed\" frameborder=\"0\" allow=\"accelerometer; autoplay; clipboard-write; encrypted-media; gyroscope; picture-in-picture; web-share\" referrerpolicy=\"strict-origin-when-cross-origin\" allowfullscreen><\/iframe><\/p>\n<h4 style=\"text-align: left;\"><strong>\u00a0<\/strong><\/h4>\n<div class=\"cc-m-hgrid-column last\">\n<div id=\"cc-matrix-3783410878\">\n<div id=\"cc-m-13286595878\" class=\"j-module n j-text \">\n<p style=\"text-align: center;\"><strong>\u00bb<\/strong><em>Schaut mich an. Ich bin arm und nackt, aber ich bin der Haeuptling von der Nation.<br \/>\n<\/em><em>Wir wollen nicht reich sein, wir fragen nicht nach den Reichen,<\/em><br \/>\n<em>aber wir wollen unsere Kinder mit guten Manieren aufwachsen lassen.<\/em><br \/>\n<em>Wir schauen auf dich mit einem Mitgefuehl.<\/em><br \/>\n<em>Dein Reichtum wird &#8230;&#8230; uns nicht gut tun.<\/em><br \/>\n<em>Wir koennen nichts von dem mitnehmen in die andere Welt,<\/em><br \/>\n<em>was wir hier haben &#8211; wir wollen Liebe und Frieden.<\/em><br \/>\nJuli 16\u00a0\u00a0 1870\u00a0\u00a0 Red Cloud Ma\u021fp\u00edya L\u00fata, Haeuptling<strong>\u00ab<\/strong><\/p>\n<p><img loading=\"lazy\" decoding=\"async\" class=\"alignnone size-medium wp-image-599\" src=\"https:\/\/www.nativeamericanacademy.com\/wp-content\/uploads\/2017\/06\/100_1540-1-300x225.jpg\" alt=\"\" width=\"300\" height=\"225\" srcset=\"https:\/\/www.nativeamericanacademy.com\/wp-content\/uploads\/2017\/06\/100_1540-1-300x225.jpg 300w, https:\/\/www.nativeamericanacademy.com\/wp-content\/uploads\/2017\/06\/100_1540-1-768x577.jpg 768w, https:\/\/www.nativeamericanacademy.com\/wp-content\/uploads\/2017\/06\/100_1540-1-1024x769.jpg 1024w\" sizes=\"auto, (max-width: 300px) 100vw, 300px\" \/><img loading=\"lazy\" decoding=\"async\" class=\"alignnone wp-image-1165\" src=\"https:\/\/www.nativeamericanacademy.com\/wp-content\/uploads\/2018\/06\/2018-06-08-peter-cathches.jpg\" alt=\"\" width=\"174\" height=\"228\" \/><img loading=\"lazy\" decoding=\"async\" class=\"alignnone wp-image-1680\" src=\"https:\/\/www.nativeamericanacademy.com\/wp-content\/uploads\/2019\/03\/2018-ceremonial-center.png\" alt=\"\" width=\"235\" height=\"231\" \/>1994 Peru<\/p>\n<div class=\"cc-m-hgrid-column\">\n<div id=\"cc-matrix-3784722878\">\n<div id=\"cc-m-13290648278\" class=\"j-module n j-header \">\n<p><iframe loading=\"lazy\" title=\"Schamane Don Agustin Rivas - Ayahuasca Doku und die Magie des Amazonas (5\/5).\" width=\"640\" height=\"480\" src=\"https:\/\/www.youtube.com\/embed\/7CnafVBRlQ0?feature=oembed\" frameborder=\"0\" allow=\"accelerometer; autoplay; clipboard-write; encrypted-media; gyroscope; picture-in-picture; web-share\" referrerpolicy=\"strict-origin-when-cross-origin\" allowfullscreen><\/iframe><\/p>\n<h4 id=\"cc-m-header-13290648278\"><strong><br \/>\nNon Profit Statement<\/strong><\/h4>\n<p>Der Verein Native American Academy Rebuild the old way ist eine Organisation, die mit anderen rechtlichen<br \/>\ngemeinn\u00fctzigen Organisationen in den USA und in Europa Gelder sammeln,<br \/>\num das Leben der Native Americans in Nordamerika zu verbessern und<br \/>\ndie Spiritualit\u00e4t der Native Americans zu besch\u00fctzen.<\/p>\n<\/div>\n<div id=\"cc-m-13290650178\" class=\"j-module n j-text \">\n<div id=\"cc-m-13290650178\" class=\"j-module n j-text\">\n<p>Die Native Americans gaben ihr Leben und ihre heilige Ehre zum Schutz ihrer Zeremonien.<br \/>\nBis <strong>1979<\/strong> wurde ein Native American eingesperrt und musste hohe Geldstrafen bezahlen,<br \/>\nwenn er eine Zeremonie machte (Schwitzh\u00fctte, Sonnentanz, Visionssuche, \u2026.)<\/p>\n<p>Sie nennen ihren Weg &#8211; Weg des Lebens &#8211; <strong>WAY OF LIFE<\/strong><br \/>\nDie H\u00fcter der Erde und des Herzens der Mutter Erde (Black Hills).<\/p>\n<p>Fakt ist, die Vergangenheit k\u00f6nnen wir nicht mehr \u00e4ndern.<br \/>\nSie ist geschehen und vorbei.<br \/>\nWas wir \u00e4ndern k\u00f6nnen ist die Gegenwart und Zukunft.<\/p>\n<p>Seit 1492 werden die Native Americans in den USA unterdr\u00fcckt,<br \/>\nausgebeutet und verfolgt \u2013 V\u00f6lkermord (ca. 50 &#8211; 70 Mill.)<br \/>\nB\u00fcffelmorde (50 Mill. B\u00fcffel in 10 Jahren niedergeschlachtet)<br \/>\nJedes Jahr verschwinden tausende jugendliche M\u00e4dchen und Jungen aus den Reservaten.<\/p>\n<p><strong>Artikel 1 Menschenrecht:<\/strong><br \/>\n<strong>Alle Menschen sind frei und gleich an W\u00fcrde und Rechten geboren.<\/strong><br \/>\n<strong>Sie sind mit Vernunft und Gewissen begabt und sollen einander im<\/strong><br \/>\n<strong>Geist der Br\u00fcderlichkeit begegnen.<br \/>\n<\/strong>Dieses nur als Beispiel:<br \/>\nWen sollen wir jetzt daf\u00fcr verantwortlich machen?<br \/>\nDie Regierung in den USA oder die katholische Kirche?<br \/>\nJa dieses w\u00e4re ein Kampf, den wir nicht gewinnen werden.<\/p>\n<p>Deshalb habe ich mich<strong> f\u00fcr Plan B<\/strong> entschieden:<\/p>\n<p><strong>Die stille Revolution der 7. Generation<\/strong><br \/>\nWie schon gesagt, die Vergangenheit k\u00f6nnen wir nicht mehr ver\u00e4ndern.<\/p>\n<p>Jedoch haben wir jetzt die M\u00f6glichkeit, die Geschichte NEU zu schreiben.<br \/>\nWir werden ihnen helfen, dass sie ihre Vergangenheit verarbeiten und dass ihre<br \/>\nKinder wieder gesund leben k\u00f6nnen.<\/p>\n<p><strong>Zustand in den Reservaten im Jahre 2019 in den USA ! ! ! !<\/strong><br \/>\n&#8211; 80 % Arbeitslosigkeit<br \/>\n&#8211; hohe Diabetes Rate bei den Jugendlichen<br \/>\n&#8211; keine Banken<br \/>\n&#8211; keine Wirtschaft<br \/>\n&#8211; kein sauberes Trinkwasser (durch Uran Abbau, Goldabbau, Silberabbau usw.)<br \/>\n&#8211; Lebenserwartung ca. 50 Jahre aufgrund Mangelern\u00e4hrung und Unterversorgung<br \/>\n&#8211; hohe Selbstmord Raten bei den Jugendlichen<br \/>\n&#8211; Alkohol, Drogen . . . . .<\/p>\n<p>Setzen wir ein Zeichen und unterst\u00fctzen die American Natives mit einer monatlichen<br \/>\nSpende, damit sie aus ihrem t\u00e4glichen UEBERLEBENSKAMPF herauskommen k\u00f6nnen.<br \/>\nUnd das Grundrecht von einem warmen Haus und Lebensmittel haben d\u00fcrfen.<\/p>\n<p>Denn die Regierung in den USA hat in den letzten 500 Jahren nicht viel gezeigt,<br \/>\ndass sie den Eigent\u00fcmern dieses Landes Unterst\u00fctzung anbieten wollen.<br \/>\nEs wurde von den ganzen Vertr\u00e4gen, die sie mit den Natives gemacht haben &#8211;<br \/>\n<strong>KEINER von der Seite der Regierung gegen\u00fcber den Natives eingehalten<\/strong>.<br \/>\nBroken Treatys . . . .<\/p>\n<p><strong>Eine Studie im Jahre 2015 ergab folgendes Ergebnis:<\/strong><br \/>\nWisconsin Health Institut 2015<br \/>\nDie Kinder in South Dakota leben in dem unges\u00fcndesten Bundesstaat in den USA.<br \/>\nDie Studie ergab, dass 5 von den 6 unges\u00fcndesten und t\u00f6dlichsten<br \/>\nReservaten &#8211;\u00a0 die Lakota \/Dakota Reservate sind.<\/p>\n<p><strong><a href=\"http:\/\/time.com\/3757522\/deadliest-counties\/\" target=\"_blank\" rel=\"noopener noreferrer\">link f\u00fcr den Bericht<\/a><\/strong><br \/>\n<a href=\"http:\/\/time.com\/3757522\/deadliest-counties\/\" target=\"_blank\" rel=\"noopener noreferrer\"><strong>http:\/\/time.com\/3757522\/deadliest-counties\/<\/strong><\/a><\/p>\n<p>Und durch diese <strong>schockierenden Neuigkeiten<\/strong>, bleibt uns nicht viel Zeit, dieses zu<br \/>\nver\u00e4ndern und zu verbessern, deshalb hat sich<\/p>\n<p>die Native American Non Profit entschieden &#8211; in diesem Jahr das<br \/>\nProjekt von Oceti Wakan zu unterst\u00fctzen . . . .<br \/>\nUns verbindet ein heiliges Band mit dem 38. Generation Medizinmann Peter V. Catches und seiner Frau Cindy Catches.<\/p>\n<p><strong>Die Umsetzung des Projekts von OCETI WAKAN SACRED FIREPLACE<\/strong><\/p>\n<p><strong>* Life Skills fort the Young Native American<\/strong><\/p>\n<p>Cindy und Peter V. Catches haben in den letzten 15 Jahren ein Schulbuch entwickelt,<br \/>\ndas von der 2. Bis zur 8. Schulstufe geht.<br \/>\nIn diesen B\u00fcchern ist die gesamte Lehre des Wissens von Peter V. Catches &#8211; Medicine Wheel<br \/>\nEs wurden \u00fcber 200 alte, traditionelle Geschichten des Spotted Eagle Clan aufgeschrieben und somit gerettet.<\/p>\n<p><strong>Heilung und Aufl\u00f6sung der Traumen auf allen Ebenen der 4 K\u00f6rper &#8211;<\/strong><br \/>\n<strong>physisch \u2013 emotional \u2013 spirituell und mental.<\/strong><\/p>\n<p>Mit diesen Schulb\u00fcchern k\u00f6nnen die jungen Kinder schneller geheilt werden und somit<br \/>\nk\u00f6nnen die Reservate aus den schockierenden Statistiken wieder herauskommen.<\/p>\n<p><a href=\"http:\/\/www.ocetiwakan.org\/projects-programs\/wellness-life-skills-prevention-program.html\" target=\"_blank\" rel=\"noopener noreferrer\"><strong>http:\/\/www.ocetiwakan.org\/projects-programs\/wellness-life-skills-prevention-program.html<\/strong><\/a><\/p>\n<p><strong>Somit frage ich dich, willst du Teil der Wiedergutmachung werden?<\/strong><br \/>\n<strong>Willst du deinen \u00dcberfluss mit anderen Teilen?<\/strong><\/p>\n<p><strong>In der Lakota Tradition wird Reichtum gemessen an dem,<\/strong><br \/>\n<strong>was du TEILST und nicht an dem, was du BESITZST!<\/strong><\/p>\n<p><strong>Canteyuke &#8211; &#8222;Ein Herz haben&#8220;<\/strong><br \/>\nGro\u00dfz\u00fcgigkeit (Canteyuke) &#8211; &#8222;Ein Herz haben&#8220; ist die w\u00f6rtliche \u00dcbersetzung<br \/>\ndieses Lakota-Wortes.<br \/>\nDas ist eine zeitlose Tugend, die im Herzen lebt.<br \/>\nWahre Gro\u00dfz\u00fcgigkeit wurde in der Lakota-Gesellschaft immer wieder gef\u00f6rdert und veranschaulicht.<br \/>\nDer materielle Besitz wurde stark entmutigt.<br \/>\nWie unsere Erdmutter alles gibt, sollten wir auch das Gleiche tun.<br \/>\nWahre Gro\u00dfz\u00fcgigkeit verk\u00f6rpert die Liebe und das Verst\u00e4ndnis von Verg\u00e4nglichkeit.<\/p>\n<p>Founder Sabine, March 25, 2019<br \/>\n<strong>Stand for something or die for nothing<\/strong><br \/>\n<strong>Die Krieger des Lichts akzeptieren niemals,<br \/>\nwas inakzeptabel ist.<\/strong><\/p>\n<p><a href=\"https:\/\/www.youtube.com\/watch?v=ZFrEkpVn7-c\">https:\/\/www.youtube.com\/watch?v=ZFrEkpVn7-c<\/a><\/p>\n<\/div>\n<\/div>\n<\/div>\n<\/div>\n<div class=\"cc-m-hgrid-column last\">\n<div id=\"cc-matrix-3784722978\">\n<div id=\"cc-m-13290649178\" class=\"j-module n j-header \">\n<h3 id=\"cc-m-header-13290648278\"><strong>Non Profit Statement english<br \/>\n<\/strong><\/h3>\n<p>The Native American Academy Rebuild the Old Way is an organization who is<br \/>\ncollecting money with other legal nonprofit organizations in the US and in Europe<br \/>\nto improve the lives of Native Americans in North America and protect the spirituality of Native Americans.<\/p>\n<p>The Native Americans gave their lives and their sacred honor to protect their ceremonies.<br \/>\nUntil <strong>1979<\/strong> a Native American was imprisoned and had to pay heavy fines when he made a ceremony (sweat lodge, sun dance, vision quest, &#8230;.)<br \/>\nThey call their path<strong> WAY OF LIFE.<\/strong><br \/>\nThe Keepers of the Earth and the Heart of Mother Earth (Black Hills).<\/p>\n<p>The fact is, we cannot change the past.<br \/>\nIt happened and it\u2019s over.<br \/>\nWhat we can change is the present and the future.<\/p>\n<p>Since 1492, Native Americans have been suppressed in the US<br \/>\nexploited and persecuted &#8211; genocide (about 50 &#8211; 70 mill.),<br \/>\nBuffalo murders (50 million buffalo slaughtered in 10 years)<br \/>\nEvery year, thousands of young girls and boys disappear from the Reservations.<\/p>\n<p>Article 1 Human right:<br \/>\n<strong>All human beings are free and born equal in dignity and rights.<\/strong><strong><br \/>\nThey are endowed with reason and conscience and are supposed to be in each other Encounter spirit of brotherhood.<\/strong><\/p>\n<p>This as an example:<br \/>\nWho should we blame for that now?<br \/>\nThe government in the US or the Catholic Church?<br \/>\nYes, this would be a fight that we will not win.<\/p>\n<p>That&#8217;s why I decided on <strong>Plan B<\/strong>:<\/p>\n<p><strong>The quiet revolution of the 7th generation<\/strong><br \/>\nAs I said, we cannot change the past anymore.<\/p>\n<p>However, we now have the opportunity to rewrite the story.<br \/>\nWe will help them to process their past and theirs<br \/>\nChildren can live healthy again.<\/p>\n<p><strong>State in the reserves in 2019 in the US! ! ! !<\/strong><br \/>\n&#8211; 80% unemployment<br \/>\n&#8211; high diabetes rate in adolescents<br \/>\n&#8211; no banks<br \/>\n&#8211; no economy<br \/>\n&#8211; no clean drinking water (due to uranium mining, gold mining, silver mining, etc.)<br \/>\n&#8211; Life expectancy about 50 years due to malnutrition and undersupply<br \/>\n&#8211; High suicide rates in the adolescents<br \/>\n&#8211; Alcohol, drugs. , , , ,<\/p>\n<p>Let&#8217;s set a sign and support the American Natives with a monthly<br \/>\nDonation, so that they can get out of their daily EXERCISE FIGHT.<br \/>\nAnd the basic right to have a warm house and food.<\/p>\n<p>Because the US government has not shown much in the last 500 years,<br \/>\nthat they want to offer support to the owners of this country.<br \/>\nFrom all the Treaty they have made with the Native Americans &#8211;<br \/>\nNONE from the side of the government to the natives has been respected.<br \/>\nBroken Treaties. , , ,<\/p>\n<p><strong>A study in 2015 showed the following result:<\/strong><br \/>\nWisconsin Health Institute 2015<br \/>\nThe kids in South Dakota live in the most unhealthy state in the US.<br \/>\nThe study found that 5 out of the 6 unhealthiest and deadliest Reservations<br \/>\nare the Lakota \/ Dakota Res.<\/p>\n<p><a href=\"http:\/\/time.com\/3757522\/deadliest-counties\/\" target=\"_blank\" rel=\"noopener noreferrer\"><strong>link for the report<\/strong><\/a><br \/>\n<a href=\"http:\/\/time.com\/3757522\/deadliest-counties\/\" target=\"_blank\" rel=\"noopener noreferrer\"><strong>http:\/\/time.com\/3757522\/deadliest-counties\/<\/strong><\/a><\/p>\n<p>And with this shocking news, we do not have much time to do this<br \/>\nchange and improving, that&#8217;s why<\/p>\n<p>the Native American Non Profit decided this year on the project of<br \/>\nOceti Wakan, because we are connected by a sacred band with the 38th generation medicine man Peter V. Catches and his wife Cindy Catches.<\/p>\n<p><strong>Implementation of the project by OCETI WAKAN SACRED FIREPLACE<\/strong><br \/>\n<strong><br \/>\n* Life skills continue Young Native American<\/strong><\/p>\n<p>Cindy and Peter V. Catches have developed a textbook in the last 15 years,<br \/>\nthat goes from the 2nd to the 8th grade.<br \/>\nIn these books are the entire doctrine of knowledge of Peter V. Catches &#8211; Medicine Wheel.<br \/>\nOver 200 ancient, traditional stories of the Spotted Eagle Clan were written down and thus saved.<br \/>\n<strong><br \/>\nHealing and resolution of the traumas at all levels of the 4 body<br \/>\nphysically &#8211; emotionally &#8211; spiritually and mentally.<\/strong><\/p>\n<p>With these textbooks, the young children can be cured faster and thus<br \/>\nthe Reservations can come out of the shocking statistics again.<\/p>\n<p><a href=\"http:\/\/www.ocetiwakan.org\/projects-programs\/wellness-life-skills-prevention-program.html\" target=\"_blank\" rel=\"noopener noreferrer\"><strong>http:\/\/www.ocetiwakan.org\/projects-programs\/wellness-life-skills-prevention-program.html<\/strong><\/a><\/p>\n<p>So I ask you, do you want to be part of the reparation?<br \/>\nDo you want to share your abundance with others?<br \/>\n<strong><br \/>\nIn the Lakota tradition, wealth is measured by the<br \/>\nwhat you PARTICIPATE and not what you OWN!<\/strong><\/p>\n<p><strong>Canteyuke \u2013 \u201cTo have a heart\u201d<\/strong><\/p>\n<p>Generosity (Canteyuke) \u2013 \u201cTo have a heart\u201d is the literal translation of this Lakota word<br \/>\nwhich is a timeless virtue residing in the heart.<br \/>\nTrue generosity has always been encouraged and exemplified in Lakota society while accumulating material possessions was greatly discouraged.<br \/>\nAs our Earth Mother gives everything,\u00a0 we should in turn do the same.<br \/>\nTrue generosity embodies love and the understanding of impermanence.<\/p>\n<p>Founder Sabine, March 25, 2019<strong><br \/>\nStand for something or die for nothing<br \/>\nThe Warrior of the Light never accept what is unacceptable . . . . .<\/strong><\/p>\n<p><iframe loading=\"lazy\" title=\"Mitch Walking Elk - Ain&#039;t no simple thing\" width=\"640\" height=\"360\" src=\"https:\/\/www.youtube.com\/embed\/rcJmTHj-KOM?feature=oembed\" frameborder=\"0\" allow=\"accelerometer; autoplay; clipboard-write; encrypted-media; gyroscope; picture-in-picture; web-share\" referrerpolicy=\"strict-origin-when-cross-origin\" allowfullscreen><\/iframe><\/p>\n<\/div>\n<\/div>\n<\/div>\n<\/div>\n<\/div>\n<\/div>\n\n\n<p><\/p>\n","protected":false},"excerpt":{"rendered":"<p>rebuild the old way * one nation * one mother earth * mni wiconi * water is life * This song is honoring Marthin Luther King . . . \u00a0 \u00bbSchaut mich an. Ich bin arm und nackt, aber ich bin der Haeuptling von der Nation. Wir wollen nicht reich sein, wir fragen nicht nach&#8230;<\/p>\n","protected":false},"author":1,"featured_media":0,"parent":0,"menu_order":0,"comment_status":"closed","ping_status":"closed","template":"","meta":{"footnotes":""},"class_list":["post-74","page","type-page","status-publish","hentry"],"_links":{"self":[{"href":"https:\/\/www.nativeamericanacademy.com\/index.php?rest_route=\/wp\/v2\/pages\/74","targetHints":{"allow":["GET"]}}],"collection":[{"href":"https:\/\/www.nativeamericanacademy.com\/index.php?rest_route=\/wp\/v2\/pages"}],"about":[{"href":"https:\/\/www.nativeamericanacademy.com\/index.php?rest_route=\/wp\/v2\/types\/page"}],"author":[{"embeddable":true,"href":"https:\/\/www.nativeamericanacademy.com\/index.php?rest_route=\/wp\/v2\/users\/1"}],"replies":[{"embeddable":true,"href":"https:\/\/www.nativeamericanacademy.com\/index.php?rest_route=%2Fwp%2Fv2%2Fcomments&post=74"}],"version-history":[{"count":40,"href":"https:\/\/www.nativeamericanacademy.com\/index.php?rest_route=\/wp\/v2\/pages\/74\/revisions"}],"predecessor-version":[{"id":3237,"href":"https:\/\/www.nativeamericanacademy.com\/index.php?rest_route=\/wp\/v2\/pages\/74\/revisions\/3237"}],"wp:attachment":[{"href":"https:\/\/www.nativeamericanacademy.com\/index.php?rest_route=%2Fwp%2Fv2%2Fmedia&parent=74"}],"curies":[{"name":"wp","href":"https:\/\/api.w.org\/{rel}","templated":true}]}}