{"id":388,"date":"2017-06-21T08:03:43","date_gmt":"2017-06-21T08:03:43","guid":{"rendered":"https:\/\/www.nativeamericanacademy.com\/?page_id=388"},"modified":"2020-01-15T07:28:56","modified_gmt":"2020-01-15T07:28:56","slug":"impressum","status":"publish","type":"page","link":"https:\/\/www.nativeamericanacademy.com\/?page_id=388","title":{"rendered":"Impressum"},"content":{"rendered":"<p>Impressum:<\/p>\n<p>Native American Academy &#8222;Rebuild the old way&#8220; mit Sitz in Austria<br \/>\nVerein zur F\u00f6rderung der indigenen V\u00f6lker in Nordamerika<br \/>\nWir sind ein eingetragener Verein (Bezirkshauptmannschaft) und als gemeinnuetzig anerkannt.<br \/>\nNach Ruecksprache mit meiner Rechtsanwaeltin koennen sie mir eine Email zukommen lassen mit einer Begruendung fuer was sie die ZVR Nummer (Registrationsnummer bei der Behoerde) brauchen.<br \/>\nBitte geben Sie ihre Adresse und Telefonnummer an, dann werde ich mich sofort um die Angelegenheit kuemmern.<br \/>\nFounder S. Bohler<\/p>\n<p>Senden sie mir bitte eine Email an folgende Adresse: <a href=\"mailto:sunturtlewoman@nativeamericanacademy.com\" target=\"_blank\" rel=\"noopener noreferrer\"><strong>sunturtlewoman@nativeamericanacademy.com<\/strong><\/a><\/p>\n<p>\u00bb Wichtiger Hinweis<br \/>\nDie Inhalte externer Websites, die \u00fcber Hyperlinks von dieser Website aus erreicht werden k\u00f6nnen oder die auf diese Seite verweisen, sind fremde Inhalte, auf die Native Medicine Academy &#8222;Rebuild the old way&#8220; keinen Einfluss hat und f\u00fcr die wir keinerlei Gew\u00e4hr oder Haftung \u00fcbernehmen.<\/p>\n<p>Alle Daten innerhalb dieser Domain sind urheberrechtlich gesch\u00fctzt und d\u00fcrfen nicht ohne Zustimmung des<br \/>\nRechteinhabers verwendet werden.<br \/>\ncopyright confirm<br \/>\nall photos and words are<br \/>\nThe registered trademark of native american academy<\/p>\n","protected":false},"excerpt":{"rendered":"<p>Impressum: Native American Academy &#8222;Rebuild the old way&#8220; mit Sitz in Austria Verein zur F\u00f6rderung der indigenen V\u00f6lker in Nordamerika Wir sind ein eingetragener Verein (Bezirkshauptmannschaft) und als gemeinnuetzig anerkannt. Nach Ruecksprache mit meiner Rechtsanwaeltin koennen sie mir eine Email zukommen lassen mit einer Begruendung fuer was sie die ZVR Nummer (Registrationsnummer bei der Behoerde)&#8230;<\/p>\n","protected":false},"author":1,"featured_media":0,"parent":0,"menu_order":0,"comment_status":"closed","ping_status":"closed","template":"","meta":{"footnotes":""},"class_list":["post-388","page","type-page","status-publish","hentry"],"_links":{"self":[{"href":"https:\/\/www.nativeamericanacademy.com\/index.php?rest_route=\/wp\/v2\/pages\/388","targetHints":{"allow":["GET"]}}],"collection":[{"href":"https:\/\/www.nativeamericanacademy.com\/index.php?rest_route=\/wp\/v2\/pages"}],"about":[{"href":"https:\/\/www.nativeamericanacademy.com\/index.php?rest_route=\/wp\/v2\/types\/page"}],"author":[{"embeddable":true,"href":"https:\/\/www.nativeamericanacademy.com\/index.php?rest_route=\/wp\/v2\/users\/1"}],"replies":[{"embeddable":true,"href":"https:\/\/www.nativeamericanacademy.com\/index.php?rest_route=%2Fwp%2Fv2%2Fcomments&post=388"}],"version-history":[{"count":7,"href":"https:\/\/www.nativeamericanacademy.com\/index.php?rest_route=\/wp\/v2\/pages\/388\/revisions"}],"predecessor-version":[{"id":2160,"href":"https:\/\/www.nativeamericanacademy.com\/index.php?rest_route=\/wp\/v2\/pages\/388\/revisions\/2160"}],"wp:attachment":[{"href":"https:\/\/www.nativeamericanacademy.com\/index.php?rest_route=%2Fwp%2Fv2%2Fmedia&parent=388"}],"curies":[{"name":"wp","href":"https:\/\/api.w.org\/{rel}","templated":true}]}}