{"id":217,"date":"2017-06-21T18:02:12","date_gmt":"2017-06-21T18:02:12","guid":{"rendered":"http:\/\/accesspressthemes.com\/accesspress-root\/?page_id=217"},"modified":"2019-07-10T07:26:23","modified_gmt":"2019-07-10T07:26:23","slug":"contact","status":"publish","type":"page","link":"https:\/\/www.nativeamericanacademy.com\/?page_id=217","title":{"rendered":"contact"},"content":{"rendered":"<p><iframe loading=\"lazy\" title=\"Reba McEntire - Back To God (Official Music Video)\" width=\"640\" height=\"360\" src=\"https:\/\/www.youtube.com\/embed\/S9q-08aTNh8?feature=oembed\" frameborder=\"0\" allow=\"accelerometer; autoplay; clipboard-write; encrypted-media; gyroscope; picture-in-picture; web-share\" referrerpolicy=\"strict-origin-when-cross-origin\" allowfullscreen><\/iframe><\/p>\n<h4><strong><br \/>\nNewsletter abonnieren<\/strong><\/h4>\n<p>Bitte eine Email an untenstehende Adresse und<br \/>\nmit dem Wortlaut und der Angabe des vollem Namen:<\/p>\n<p>NEWSLETTER JA<\/p>\n<p>Ab dem 25. Mai 2018 gilt die neue europaweite Datenschutzgrundverordnung (DSGVO).<br \/>\nDiese r\u00e4umt dem Verbraucher mehr Rechte beim Datenschutz ein und ordnet f\u00fcr die Unternehmer mehr Pflichten an.<\/p>\n<p>Wichtig f\u00fcr dich als Kunde oder Interessent von uns:<br \/>\nIch gehe mit deinen Daten auf jeden Fall f\u00fcrsorglich um und gebe sie nicht an Dritte weiter.<\/p>\n<p>Du hast jederzeit die M\u00f6glichkeit dich aus dem Verteiler auszutragen.<\/p>\n<p>Weiterhin hast du das Recht auf Berichtigung oder L\u00f6schung, auf Einschr\u00e4nkung der Verarbeitung, auf Widerspruch gegen die Verarbeitung sowie auf Daten\u00fcbertragbarkeit.<\/p>\n<p>Wir freuen uns nat\u00fcrlich wenn Du weiterhin noch Interesse an unserer Arbeit und unseren Projekten hast.<br \/>\nGerne koennt ihr mir eine Email schicken und ich werde mich dann bei euch melden.<\/p>\n<p><a href=\"mailto:sunturtlewoman@nativeamericanacademy.com\" target=\"_blank\" rel=\"noopener noreferrer\"><strong>sunturtlewoman@nativeamericanacademy.com<\/strong><\/a><\/p>\n","protected":false},"excerpt":{"rendered":"<p>Newsletter abonnieren Bitte eine Email an untenstehende Adresse und mit dem Wortlaut und der Angabe des vollem Namen: NEWSLETTER JA Ab dem 25. Mai 2018 gilt die neue europaweite Datenschutzgrundverordnung (DSGVO). Diese r\u00e4umt dem Verbraucher mehr Rechte beim Datenschutz ein und ordnet f\u00fcr die Unternehmer mehr Pflichten an. Wichtig f\u00fcr dich als Kunde oder Interessent&#8230;<\/p>\n","protected":false},"author":1,"featured_media":0,"parent":0,"menu_order":0,"comment_status":"closed","ping_status":"closed","template":"","meta":{"footnotes":""},"class_list":["post-217","page","type-page","status-publish","hentry"],"_links":{"self":[{"href":"https:\/\/www.nativeamericanacademy.com\/index.php?rest_route=\/wp\/v2\/pages\/217","targetHints":{"allow":["GET"]}}],"collection":[{"href":"https:\/\/www.nativeamericanacademy.com\/index.php?rest_route=\/wp\/v2\/pages"}],"about":[{"href":"https:\/\/www.nativeamericanacademy.com\/index.php?rest_route=\/wp\/v2\/types\/page"}],"author":[{"embeddable":true,"href":"https:\/\/www.nativeamericanacademy.com\/index.php?rest_route=\/wp\/v2\/users\/1"}],"replies":[{"embeddable":true,"href":"https:\/\/www.nativeamericanacademy.com\/index.php?rest_route=%2Fwp%2Fv2%2Fcomments&post=217"}],"version-history":[{"count":10,"href":"https:\/\/www.nativeamericanacademy.com\/index.php?rest_route=\/wp\/v2\/pages\/217\/revisions"}],"predecessor-version":[{"id":1892,"href":"https:\/\/www.nativeamericanacademy.com\/index.php?rest_route=\/wp\/v2\/pages\/217\/revisions\/1892"}],"wp:attachment":[{"href":"https:\/\/www.nativeamericanacademy.com\/index.php?rest_route=%2Fwp%2Fv2%2Fmedia&parent=217"}],"curies":[{"name":"wp","href":"https:\/\/api.w.org\/{rel}","templated":true}]}}